{"id":1287,"date":"2025-10-13T17:35:51","date_gmt":"2025-10-13T20:35:51","guid":{"rendered":"https:\/\/papuanmergulho.com.br\/site\/?page_id=1287"},"modified":"2025-10-13T18:01:12","modified_gmt":"2025-10-13T21:01:12","slug":"curso-rescue-diver","status":"publish","type":"page","link":"https:\/\/papuanmergulho.com.br\/site\/curso-rescue-diver\/","title":{"rendered":"Curso Rescue Diver"},"content":{"rendered":"\t\t<div data-elementor-type=\"wp-page\" data-elementor-id=\"1287\" class=\"elementor elementor-1287\">\n\t\t\t\t\t\t<section class=\"elementor-section elementor-top-section elementor-element elementor-element-824fd0b elementor-section-full_width elementor-section-height-default elementor-section-height-default\" data-id=\"824fd0b\" data-element_type=\"section\">\n\t\t\t\t\t\t<div class=\"elementor-container elementor-column-gap-no\">\n\t\t\t\t\t<div class=\"elementor-column elementor-col-100 elementor-top-column elementor-element elementor-element-1828b8f2\" data-id=\"1828b8f2\" data-element_type=\"column\">\n\t\t\t<div class=\"elementor-widget-wrap elementor-element-populated\">\n\t\t\t\t\t\t<div class=\"elementor-element elementor-element-108ce224 elementor-widget elementor-widget-scubo_course_details1\" data-id=\"108ce224\" data-element_type=\"widget\" data-widget_type=\"scubo_course_details1.default\">\n\t\t\t\t<div class=\"elementor-widget-container\">\n\t\t\t\t\t\n        <section class=\"course-details one\">\n            <div class=\"container\">\n                <div class=\"course-details__image\">\n                       \n\t\t\t\t\t<img decoding=\"async\" src=\"https:\/\/papuanmergulho.com.br\/site\/wp-content\/uploads\/2025\/10\/img-curso-04.jpg\" alt=\"\"\/>\n\t\t\t\t\t                    <div class=\"course-details__infos wow fadeInRight\" data-wow-duration=\"1500ms\">\n                        <div class=\"course-details__infos-title\">Curso<\/div>\n\t\t\t\t\t\t                        <div class=\"course-details__infos-single\">\n                            <span>12<\/span>\n                            <p>Horas de<br> instru\u00e7\u00e3o<\/p>\n                        <\/div>\n\t\t\t\t\t\t                        <div class=\"course-details__infos-single\">\n                            <span>2<\/span>\n                            <p>Aulas <br>te\u00f3ricas<\/p>\n                        <\/div>\n\t\t\t\t\t\t                        <div class=\"course-details__infos-single\">\n                            <span>5<\/span>\n                            <p>Mergulhos<\/p>\n                        <\/div>\n\t\t\t\t\t\t                    <\/div><!-- \/.course-details__infos -->\n                <\/div><!-- \/.course-details__image -->\n            <\/div><!-- \/.container -->\n        <\/section><!-- \/.course-details -->\n            \n\t\t\t\t\t\t<\/div>\n\t\t\t\t<\/div>\n\t\t\t\t\t<\/div>\n\t\t<\/div>\n\t\t\t\t\t<\/div>\n\t\t<\/section>\n\t\t\t\t<section class=\"elementor-section elementor-top-section elementor-element elementor-element-81dc3c3 elementor-section-full_width elementor-section-height-default elementor-section-height-default\" data-id=\"81dc3c3\" data-element_type=\"section\">\n\t\t\t\t\t\t<div class=\"elementor-container elementor-column-gap-no\">\n\t\t\t\t\t<div class=\"elementor-column elementor-col-100 elementor-top-column elementor-element elementor-element-6069036a\" data-id=\"6069036a\" data-element_type=\"column\">\n\t\t\t<div class=\"elementor-widget-wrap elementor-element-populated\">\n\t\t\t\t\t\t<div class=\"elementor-element elementor-element-5858c35f elementor-widget elementor-widget-scubo_course_details2\" data-id=\"5858c35f\" data-element_type=\"widget\" data-widget_type=\"scubo_course_details2.default\">\n\t\t\t\t<div class=\"elementor-widget-container\">\n\t\t\t\t\t\n        <section class=\"course-details two\">\n            <div class=\"container\">\n                <div class=\"course-details__content\">\n                    <h3>Curso Rescue Diver<\/h3>\n                    <p>Mergulhadores descrevem o curso PADI Rescue Diver como o mais desafiador, ainda mais gratificante \u00e9 claro, entre aqueles que eles j\u00e1 fizeram. Por qu\u00ea? Porque voc\u00ea aprende a prevenir e gerir problemas na \u00e1gua, e tornar-se mais confiante em suas habilidades como um mergulhador, sabendo que voc\u00ea pode ajudar os outros se necess\u00e1rio. Durante o curso, voc\u00ea aprende a se tornar um melhor dupla, praticando habilidades para resolver problemas at\u00e9 que se tornem uma segunda natureza. Al\u00e9m disso, o curso \u00e9 apenas divers\u00e3o - \u00e9 s\u00e9rio, mas ainda permite a muitas risadas entre alunos, mas sempre focados no aprendizado.<br><br>\n\nMergulhadores PADI (Jr) Adventure precisam ter pelo menos 12 anos e ter completado a navega\u00e7\u00e3o subaqu\u00e1tica (Underwater Navegator), para inscrever-se em um curso Rescue Diver. Voc\u00ea tamb\u00e9m precisa ter Emergency First Response -  Primary and Secudary Care  feito nos \u00faltimos 24 meses. Voc\u00ea pode completar este treinamento durante o curso Rescue Diver. Seu instrutor tamb\u00e9m podem oferecer a especialidade Oxygen Provider , ao mesmo tempo.\n<\/p>\n                    <h4>O que voc\u00ea ir\u00e1 aprender?\n<\/h4>\n                    <p>O curso PADI Rescue Diver prepara voc\u00ea para lidar com emerg\u00eancias de mergulho, pequenas e grandes, usando uma variedade de t\u00e9cnicas. Atrav\u00e9s do desenvolvimento de conhecimentos e exerc\u00edcios de salvamento, voc\u00ea aprende o que procurar e como responder. Durante situa\u00e7\u00f5es de resgate, que colocou em pr\u00e1tica o seu conhecimento e habilidades. Os t\u00f3picos incluem:<br><br>\n\n\n\u2022 O auto-salvamento.<br>\n\u2022 Reconhecer e gerir o stress em outros mergulhadores.<br>\n\u2022 Gest\u00e3o e equipamento de emerg\u00eancia.<br>\n\u2022 Resgatando mergulhadores em p\u00e2nico.<br>\n\u2022 Resgatando mergulhadores que n\u00e3o respondem.<\/p>\n                    <p><\/p>\n\t\t\t\t\t                    <a href=\"https:\/\/wa.me\/558396760806\/\" class=\"thm-btn course-details__btn\">Quero fazer o curso<\/a>\n\t\t\t\t\t\t\n                <\/div><!-- \/.course-details__content -->\n            <\/div><!-- \/.container -->\n        <\/section><!-- \/.course-details -->\n            \n\t\t\t\t\t\t<\/div>\n\t\t\t\t<\/div>\n\t\t\t\t\t<\/div>\n\t\t<\/div>\n\t\t\t\t\t<\/div>\n\t\t<\/section>\n\t\t\t\t<\/div>\n\t\t","protected":false},"excerpt":{"rendered":"<p>Curso 12 Horas de instru\u00e7\u00e3o 2 Aulas te\u00f3ricas 5 Mergulhos Curso Rescue Diver Mergulhadores descrevem o curso PADI Rescue Diver como o mais desafiador, ainda mais gratificante \u00e9 claro, entre aqueles que eles j\u00e1 fizeram. Por qu\u00ea? Porque voc\u00ea aprende a prevenir e gerir problemas na \u00e1gua, e tornar-se mais confiante em suas habilidades como [&hellip;]<\/p>\n","protected":false},"author":1,"featured_media":0,"parent":0,"menu_order":0,"comment_status":"closed","ping_status":"closed","template":"tpl-default-elementor.php","meta":{"footnotes":""},"class_list":["post-1287","page","type-page","status-publish","hentry"],"_links":{"self":[{"href":"https:\/\/papuanmergulho.com.br\/site\/wp-json\/wp\/v2\/pages\/1287","targetHints":{"allow":["GET"]}}],"collection":[{"href":"https:\/\/papuanmergulho.com.br\/site\/wp-json\/wp\/v2\/pages"}],"about":[{"href":"https:\/\/papuanmergulho.com.br\/site\/wp-json\/wp\/v2\/types\/page"}],"author":[{"embeddable":true,"href":"https:\/\/papuanmergulho.com.br\/site\/wp-json\/wp\/v2\/users\/1"}],"replies":[{"embeddable":true,"href":"https:\/\/papuanmergulho.com.br\/site\/wp-json\/wp\/v2\/comments?post=1287"}],"version-history":[{"count":9,"href":"https:\/\/papuanmergulho.com.br\/site\/wp-json\/wp\/v2\/pages\/1287\/revisions"}],"predecessor-version":[{"id":1334,"href":"https:\/\/papuanmergulho.com.br\/site\/wp-json\/wp\/v2\/pages\/1287\/revisions\/1334"}],"wp:attachment":[{"href":"https:\/\/papuanmergulho.com.br\/site\/wp-json\/wp\/v2\/media?parent=1287"}],"curies":[{"name":"wp","href":"https:\/\/api.w.org\/{rel}","templated":true}]}}