{"id":1289,"date":"2025-10-13T17:35:22","date_gmt":"2025-10-13T20:35:22","guid":{"rendered":"https:\/\/papuanmergulho.com.br\/site\/?page_id=1289"},"modified":"2025-10-13T17:57:47","modified_gmt":"2025-10-13T20:57:47","slug":"curso-avancado-de-mergulho","status":"publish","type":"page","link":"https:\/\/papuanmergulho.com.br\/site\/curso-avancado-de-mergulho\/","title":{"rendered":"Curso Avan\u00e7ado de Mergulho"},"content":{"rendered":"\t\t<div data-elementor-type=\"wp-page\" data-elementor-id=\"1289\" class=\"elementor elementor-1289\">\n\t\t\t\t\t\t<section class=\"elementor-section elementor-top-section elementor-element elementor-element-824fd0b elementor-section-full_width elementor-section-height-default elementor-section-height-default\" data-id=\"824fd0b\" data-element_type=\"section\">\n\t\t\t\t\t\t<div class=\"elementor-container elementor-column-gap-no\">\n\t\t\t\t\t<div class=\"elementor-column elementor-col-100 elementor-top-column elementor-element elementor-element-1828b8f2\" data-id=\"1828b8f2\" data-element_type=\"column\">\n\t\t\t<div class=\"elementor-widget-wrap elementor-element-populated\">\n\t\t\t\t\t\t<div class=\"elementor-element elementor-element-108ce224 elementor-widget elementor-widget-scubo_course_details1\" data-id=\"108ce224\" data-element_type=\"widget\" data-widget_type=\"scubo_course_details1.default\">\n\t\t\t\t<div class=\"elementor-widget-container\">\n\t\t\t\t\t\n        <section class=\"course-details one\">\n            <div class=\"container\">\n                <div class=\"course-details__image\">\n                       \n\t\t\t\t\t<img decoding=\"async\" src=\"https:\/\/papuanmergulho.com.br\/site\/wp-content\/uploads\/2025\/10\/img-curso-02.jpg\" alt=\"\"\/>\n\t\t\t\t\t                    <div class=\"course-details__infos wow fadeInRight\" data-wow-duration=\"1500ms\">\n                        <div class=\"course-details__infos-title\">Curso<\/div>\n\t\t\t\t\t\t                        <div class=\"course-details__infos-single\">\n                            <span>12<\/span>\n                            <p>Horas de<br> instru\u00e7\u00e3o<\/p>\n                        <\/div>\n\t\t\t\t\t\t                        <div class=\"course-details__infos-single\">\n                            <span>2<\/span>\n                            <p>Aulas <br>te\u00f3ricas<\/p>\n                        <\/div>\n\t\t\t\t\t\t                        <div class=\"course-details__infos-single\">\n                            <span>5<\/span>\n                            <p>Mergulhos<\/p>\n                        <\/div>\n\t\t\t\t\t\t                    <\/div><!-- \/.course-details__infos -->\n                <\/div><!-- \/.course-details__image -->\n            <\/div><!-- \/.container -->\n        <\/section><!-- \/.course-details -->\n            \n\t\t\t\t\t\t<\/div>\n\t\t\t\t<\/div>\n\t\t\t\t\t<\/div>\n\t\t<\/div>\n\t\t\t\t\t<\/div>\n\t\t<\/section>\n\t\t\t\t<section class=\"elementor-section elementor-top-section elementor-element elementor-element-81dc3c3 elementor-section-full_width elementor-section-height-default elementor-section-height-default\" data-id=\"81dc3c3\" data-element_type=\"section\">\n\t\t\t\t\t\t<div class=\"elementor-container elementor-column-gap-no\">\n\t\t\t\t\t<div class=\"elementor-column elementor-col-100 elementor-top-column elementor-element elementor-element-6069036a\" data-id=\"6069036a\" data-element_type=\"column\">\n\t\t\t<div class=\"elementor-widget-wrap elementor-element-populated\">\n\t\t\t\t\t\t<div class=\"elementor-element elementor-element-5858c35f elementor-widget elementor-widget-scubo_course_details2\" data-id=\"5858c35f\" data-element_type=\"widget\" data-widget_type=\"scubo_course_details2.default\">\n\t\t\t\t<div class=\"elementor-widget-container\">\n\t\t\t\t\t\n        <section class=\"course-details two\">\n            <div class=\"container\">\n                <div class=\"course-details__content\">\n                    <h3>Curso Avan\u00e7ado de<br> Mergulho (Open Water Diver)<\/h3>\n                    <p>Passe para o pr\u00f3ximo n\u00edvel e vivencie aventuras reais com o curso PADI Advanced Open Water Diver. Ao avan\u00e7ar al\u00e9m do n\u00edvel de certifica\u00e7\u00e3o PADI Open Water Diver, voc\u00ea realizar\u00e1 cinco mergulhos e ter\u00e1 oportunidade de experimentar algumas das atividades especializadas mais prazerosas e \u00fateis do mergulho, como o mergulho profundo, fotografia digital submarina, mergulho em naufr\u00e1gios e muitos mais. Estas habilidades fazem com que o mergulho seja muito mais do que um passeio embaixo d'\u00e1gua. Al\u00e9m disso, o curso Advanced Open Water Diver o levar\u00e1 uma etapa mais pr\u00f3ximo do n\u00edvel Master Scuba Diver \u2013 o n\u00edvel de certifica\u00e7\u00e3o n\u00e3o profissional mais elevado do mergulho recreativo.<br><br>\n\nCom o instrutor da PADI, voc\u00ea realizar\u00e1 os mergulhos de aventura profundo e de navega\u00e7\u00e3o submarina. Estes mergulhos s\u00e3o uma inje\u00e7\u00e3o de confian\u00e7a a medida que voc\u00ea passa a dominar estas habilidades fundamentais. Em seguida, voc\u00ea escolher\u00e1 tr\u00eas mergulhos adicionais, entre mais de 15 mergulhos de aventura, para concluir o curso. Voc\u00ea poder\u00e1 mergulhar a noite, visitar naufr\u00e1gios locais ou at\u00e9 mesmo zunir pelo oceano em um ve\u00edculo propulsor de mergulhadores \u2013 tudo isso durante o curso PADI Advanced Open Water Diver.\n<\/p>\n                    <h4>Mais informa\u00e7\u00f5es:<\/h4>\n                    <p>\u2022 \u00c9 necess\u00e1rio ter certifica\u00e7\u00e3o PADI Open Water Diver (ou certifica\u00e7\u00e3o qualificadora de outra organiza\u00e7\u00e3o de treinamento) e m\u00ednimo 15 anos de idade (12 para Junior Advanced Open Water Diver).<br>\n\u2022 N\u00famero de mergulhos: cinco.<br>\n\u2022 Estas s\u00e3o as op\u00e7\u00f5es de mergulho de aventura: mergulho em altitude, AWARE \u2013 identifica\u00e7\u00e3o de peixes, mergulho embarcado, mergulho profundo, uso de ve\u00edculo propulsor de mergulhadores, mergulho em correntes, mergulho com roupas secas, mergulho multin\u00edvel e com computador, mergulho noturno, m\u00e1ximo desempenho em flutua\u00e7\u00e3o, busca e recupera\u00e7\u00e3o, estudo da natureza submarina, navega\u00e7\u00e3o submarina, fotografia submarina, videografia submarina e mergulho em naufr\u00e1gios.<br>\n\u2022 Cada mergulho de aventura do curso PADI Advanced Open Water Diver pode ser usado como cr\u00e9dito para o primeiro mergulho do curso de mergulhador de especialidade correspondente da PADI.<br>\n\u2022 Materiais: Crew-Pak Adventures in Diving, v\u00eddeo Adventures in Diving e livro de registros.<\/p>\n                    <p><\/p>\n\t\t\t\t\t                    <a href=\"https:\/\/wa.me\/558396760806\/\" class=\"thm-btn course-details__btn\">Quero fazer o curso<\/a>\n\t\t\t\t\t\t\n                <\/div><!-- \/.course-details__content -->\n            <\/div><!-- \/.container -->\n        <\/section><!-- \/.course-details -->\n            \n\t\t\t\t\t\t<\/div>\n\t\t\t\t<\/div>\n\t\t\t\t\t<\/div>\n\t\t<\/div>\n\t\t\t\t\t<\/div>\n\t\t<\/section>\n\t\t\t\t<\/div>\n\t\t","protected":false},"excerpt":{"rendered":"<p>Curso 12 Horas de instru\u00e7\u00e3o 2 Aulas te\u00f3ricas 5 Mergulhos Curso Avan\u00e7ado de Mergulho (Open Water Diver) Passe para o pr\u00f3ximo n\u00edvel e vivencie aventuras reais com o curso PADI Advanced Open Water Diver. Ao avan\u00e7ar al\u00e9m do n\u00edvel de certifica\u00e7\u00e3o PADI Open Water Diver, voc\u00ea realizar\u00e1 cinco mergulhos e ter\u00e1 oportunidade de experimentar algumas [&hellip;]<\/p>\n","protected":false},"author":1,"featured_media":0,"parent":0,"menu_order":0,"comment_status":"closed","ping_status":"closed","template":"tpl-default-elementor.php","meta":{"footnotes":""},"class_list":["post-1289","page","type-page","status-publish","hentry"],"_links":{"self":[{"href":"https:\/\/papuanmergulho.com.br\/site\/wp-json\/wp\/v2\/pages\/1289","targetHints":{"allow":["GET"]}}],"collection":[{"href":"https:\/\/papuanmergulho.com.br\/site\/wp-json\/wp\/v2\/pages"}],"about":[{"href":"https:\/\/papuanmergulho.com.br\/site\/wp-json\/wp\/v2\/types\/page"}],"author":[{"embeddable":true,"href":"https:\/\/papuanmergulho.com.br\/site\/wp-json\/wp\/v2\/users\/1"}],"replies":[{"embeddable":true,"href":"https:\/\/papuanmergulho.com.br\/site\/wp-json\/wp\/v2\/comments?post=1289"}],"version-history":[{"count":6,"href":"https:\/\/papuanmergulho.com.br\/site\/wp-json\/wp\/v2\/pages\/1289\/revisions"}],"predecessor-version":[{"id":1326,"href":"https:\/\/papuanmergulho.com.br\/site\/wp-json\/wp\/v2\/pages\/1289\/revisions\/1326"}],"wp:attachment":[{"href":"https:\/\/papuanmergulho.com.br\/site\/wp-json\/wp\/v2\/media?parent=1289"}],"curies":[{"name":"wp","href":"https:\/\/api.w.org\/{rel}","templated":true}]}}