{"id":1291,"date":"2025-10-13T17:35:43","date_gmt":"2025-10-13T20:35:43","guid":{"rendered":"https:\/\/papuanmergulho.com.br\/site\/?page_id=1291"},"modified":"2025-10-13T18:01:32","modified_gmt":"2025-10-13T21:01:32","slug":"curso-emergency-first-response-efr","status":"publish","type":"page","link":"https:\/\/papuanmergulho.com.br\/site\/curso-emergency-first-response-efr\/","title":{"rendered":"Curso Emergency First Response (EFR)"},"content":{"rendered":"\t\t<div data-elementor-type=\"wp-page\" data-elementor-id=\"1291\" class=\"elementor elementor-1291\">\n\t\t\t\t\t\t<section class=\"elementor-section elementor-top-section elementor-element elementor-element-824fd0b elementor-section-full_width elementor-section-height-default elementor-section-height-default\" data-id=\"824fd0b\" data-element_type=\"section\">\n\t\t\t\t\t\t<div class=\"elementor-container elementor-column-gap-no\">\n\t\t\t\t\t<div class=\"elementor-column elementor-col-100 elementor-top-column elementor-element elementor-element-1828b8f2\" data-id=\"1828b8f2\" data-element_type=\"column\">\n\t\t\t<div class=\"elementor-widget-wrap elementor-element-populated\">\n\t\t\t\t\t\t<div class=\"elementor-element elementor-element-108ce224 elementor-widget elementor-widget-scubo_course_details1\" data-id=\"108ce224\" data-element_type=\"widget\" data-widget_type=\"scubo_course_details1.default\">\n\t\t\t\t<div class=\"elementor-widget-container\">\n\t\t\t\t\t\n        <section class=\"course-details one\">\n            <div class=\"container\">\n                <div class=\"course-details__image\">\n                       \n\t\t\t\t\t<img decoding=\"async\" src=\"https:\/\/papuanmergulho.com.br\/site\/wp-content\/uploads\/2025\/10\/img-curso-03.jpg\" alt=\"\"\/>\n\t\t\t\t\t                    <div class=\"course-details__infos wow fadeInRight\" data-wow-duration=\"1500ms\">\n                        <div class=\"course-details__infos-title\">Curso<\/div>\n\t\t\t\t\t\t                        <div class=\"course-details__infos-single\">\n                            <span>12<\/span>\n                            <p>Horas de<br> instru\u00e7\u00e3o<\/p>\n                        <\/div>\n\t\t\t\t\t\t                        <div class=\"course-details__infos-single\">\n                            <span>2<\/span>\n                            <p>Aulas <br>te\u00f3ricas<\/p>\n                        <\/div>\n\t\t\t\t\t\t                        <div class=\"course-details__infos-single\">\n                            <span>5<\/span>\n                            <p>Mergulhos<\/p>\n                        <\/div>\n\t\t\t\t\t\t                    <\/div><!-- \/.course-details__infos -->\n                <\/div><!-- \/.course-details__image -->\n            <\/div><!-- \/.container -->\n        <\/section><!-- \/.course-details -->\n            \n\t\t\t\t\t\t<\/div>\n\t\t\t\t<\/div>\n\t\t\t\t\t<\/div>\n\t\t<\/div>\n\t\t\t\t\t<\/div>\n\t\t<\/section>\n\t\t\t\t<section class=\"elementor-section elementor-top-section elementor-element elementor-element-81dc3c3 elementor-section-full_width elementor-section-height-default elementor-section-height-default\" data-id=\"81dc3c3\" data-element_type=\"section\">\n\t\t\t\t\t\t<div class=\"elementor-container elementor-column-gap-no\">\n\t\t\t\t\t<div class=\"elementor-column elementor-col-100 elementor-top-column elementor-element elementor-element-6069036a\" data-id=\"6069036a\" data-element_type=\"column\">\n\t\t\t<div class=\"elementor-widget-wrap elementor-element-populated\">\n\t\t\t\t\t\t<div class=\"elementor-element elementor-element-5858c35f elementor-widget elementor-widget-scubo_course_details2\" data-id=\"5858c35f\" data-element_type=\"widget\" data-widget_type=\"scubo_course_details2.default\">\n\t\t\t\t<div class=\"elementor-widget-container\">\n\t\t\t\t\t\n        <section class=\"course-details two\">\n            <div class=\"container\">\n                <div class=\"course-details__content\">\n                    <h3>Emergency First<br> Response Provider (EFR)<\/h3>\n                    <p>A Forma\u00e7\u00e3o Emergency First Response concentra na constru\u00e7\u00e3o de confian\u00e7a nos socorristas leigos e aumentando a sua disponibilidade para responder, quando confrontado com uma emerg\u00eancia m\u00e9dica. Os participantes do curso aprendem os passos simples de seguir para o atendimento de emerg\u00eancia e praticar a aplica\u00e7\u00e3o de habilidades em um ambiente de aprendizado n\u00e3o estressante. Todos os cursos s\u00e3o apoiados por manuais de auto-estudo, v\u00eddeos e cartazes de refer\u00eancia r\u00e1pida para melhorar a aprendizagem e permitem que voc\u00ea possa come\u00e7ar a aprender imediatamente. O Cursos de EFR atende o CPR e os requisitos de treinamento de primeiros socorros para o curso PADI Rescue Diver e todos as grades de n\u00edvel profissional. A maioria dos instrutores da PADI tamb\u00e9m s\u00e3o instrutores Emergency First Response .Os seguintes cursos de EFR s\u00e3o baseadas em diretrizes m\u00e9dicas reconhecidas internacionalmente para atendimento de emerg\u00eancia.<\/p>\n                    <h4>O que voc\u00ea ir\u00e1 aprender?\n<\/h4>\n                    <p>\u2022 Assist\u00eancia Prim\u00e1ria (CPR) - Este curso ensina-lhe os passos e t\u00e9cnicas para lidar com emerg\u00eancias com risco de vida. Voc\u00ea vai praticar oito compet\u00eancias para ajudar os pacientes que n\u00e3o est\u00e3o respirando, n\u00e3o t\u00eam batimentos card\u00edacos, pode ter uma les\u00e3o na coluna vertebral, podem estar em choque ou quem pode ter uma hemorragia grave. Voc\u00ea vai aprender a como realizar o CPR e continuar a monitorar o paciente, para que voc\u00ea possa oferecer todas as chances poss\u00edveis de sobreviv\u00eancia at\u00e9 o servi\u00e7o de emerg\u00eancia m\u00e9dica chegar.<br><br>\n\n\u2022 Assist\u00eancia Secund\u00e1ria (Primeiros Socorros) - Porque muitas condi\u00e7\u00f5es m\u00e9dicas n\u00e3o s\u00e3o servi\u00e7os m\u00e9dicos com risco de vida e de emerg\u00eancia s\u00e3o, por vezes atrasada ou n\u00e3o dispon\u00edvel, este curso ensina como prestar primeiros socorros que alivia a dor e reduz o risco de maiores danos. Voc\u00ea vai aprender a avaliar uma variedade de les\u00f5es e doen\u00e7as e a pr\u00e1tica de curativos e talas.<br><br>\n\n\u2022 Cuidados para Crian\u00e7as - Este curso permite aos participantes aprender, praticar e aplicar as habilidades de cuidados de emerg\u00eancia espec\u00edficos para ajudar os beb\u00eas e crian\u00e7as com emerg\u00eancias m\u00e9dicas. Ele foi projetado para aqueles que trabalham com crian\u00e7as ou s\u00e3o suscept\u00edveis de ter de responder a emerg\u00eancias envolvendo jovens. Este curso \u00e9 frequentemente integrado com Assist\u00eancia Prim\u00e1ria (RCP) e Assist\u00eancia Secund\u00e1ria (Primeiros Socorros) cursos.<br><br>\n\n\u2022 CPR & AED - Este curso foca treinamento em RCP e participantes ensinando como usar um DEA (desfibrilador externo autom\u00e1tico). No local de trabalho ou em outros onde as exig\u00eancias governamentais especificar essa forma\u00e7\u00e3o, o curso de CPR & AED atende a necessidade. Este curso \u00e9 muitas vezes integrado em Primeiros Socorros em programas de trabalho.<br><br>\n\n\u2022 Primeiros Socorros no Trabalho - Em algumas \u00e1reas, como a Gr\u00e3-Bretanha, Austr\u00e1lia e Canad\u00e1, regulamenta\u00e7\u00f5es governamentais solicitam maior CPR e treinamento de primeiros socorros para o local de trabalho. Primeiros Socorros em programas de trabalho concebidos para estas \u00e1reas incluem temas e habilidades adicionais para atender aos requisitos enquanto segue o f\u00e1cil de aprender EFR abordagem ao treinamento.<br><br>\n\n\u2022 EFR Refresher - \u00c9 ideal para atualizar suas habilidades CPR e primeiros socorros a cada 24 meses, \u00e9 o que o curso de reciclagem EFR. Concentrando-se em compet\u00eancias-chave, o curso permite-lhe manter-se atualizado e pronto para emprestar ajuda quando necess\u00e1rio.<\/p>\n                    <p><\/p>\n\t\t\t\t\t                    <a href=\"https:\/\/wa.me\/558396760806\/\" class=\"thm-btn course-details__btn\">Quero fazer o curso<\/a>\n\t\t\t\t\t\t\n                <\/div><!-- \/.course-details__content -->\n            <\/div><!-- \/.container -->\n        <\/section><!-- \/.course-details -->\n            \n\t\t\t\t\t\t<\/div>\n\t\t\t\t<\/div>\n\t\t\t\t\t<\/div>\n\t\t<\/div>\n\t\t\t\t\t<\/div>\n\t\t<\/section>\n\t\t\t\t<\/div>\n\t\t","protected":false},"excerpt":{"rendered":"<p>Curso 12 Horas de instru\u00e7\u00e3o 2 Aulas te\u00f3ricas 5 Mergulhos Emergency First Response Provider (EFR) A Forma\u00e7\u00e3o Emergency First Response concentra na constru\u00e7\u00e3o de confian\u00e7a nos socorristas leigos e aumentando a sua disponibilidade para responder, quando confrontado com uma emerg\u00eancia m\u00e9dica. Os participantes do curso aprendem os passos simples de seguir para o atendimento de [&hellip;]<\/p>\n","protected":false},"author":1,"featured_media":0,"parent":0,"menu_order":0,"comment_status":"closed","ping_status":"closed","template":"tpl-default-elementor.php","meta":{"footnotes":""},"class_list":["post-1291","page","type-page","status-publish","hentry"],"_links":{"self":[{"href":"https:\/\/papuanmergulho.com.br\/site\/wp-json\/wp\/v2\/pages\/1291","targetHints":{"allow":["GET"]}}],"collection":[{"href":"https:\/\/papuanmergulho.com.br\/site\/wp-json\/wp\/v2\/pages"}],"about":[{"href":"https:\/\/papuanmergulho.com.br\/site\/wp-json\/wp\/v2\/types\/page"}],"author":[{"embeddable":true,"href":"https:\/\/papuanmergulho.com.br\/site\/wp-json\/wp\/v2\/users\/1"}],"replies":[{"embeddable":true,"href":"https:\/\/papuanmergulho.com.br\/site\/wp-json\/wp\/v2\/comments?post=1291"}],"version-history":[{"count":6,"href":"https:\/\/papuanmergulho.com.br\/site\/wp-json\/wp\/v2\/pages\/1291\/revisions"}],"predecessor-version":[{"id":1337,"href":"https:\/\/papuanmergulho.com.br\/site\/wp-json\/wp\/v2\/pages\/1291\/revisions\/1337"}],"wp:attachment":[{"href":"https:\/\/papuanmergulho.com.br\/site\/wp-json\/wp\/v2\/media?parent=1291"}],"curies":[{"name":"wp","href":"https:\/\/api.w.org\/{rel}","templated":true}]}}