{"id":1293,"date":"2025-10-13T17:36:08","date_gmt":"2025-10-13T20:36:08","guid":{"rendered":"https:\/\/papuanmergulho.com.br\/site\/?page_id=1293"},"modified":"2025-10-13T18:03:56","modified_gmt":"2025-10-13T21:03:56","slug":"curso-divemaster","status":"publish","type":"page","link":"https:\/\/papuanmergulho.com.br\/site\/curso-divemaster\/","title":{"rendered":"Curso Divemaster"},"content":{"rendered":"\t\t<div data-elementor-type=\"wp-page\" data-elementor-id=\"1293\" class=\"elementor elementor-1293\">\n\t\t\t\t\t\t<section class=\"elementor-section elementor-top-section elementor-element elementor-element-824fd0b elementor-section-full_width elementor-section-height-default elementor-section-height-default\" data-id=\"824fd0b\" data-element_type=\"section\">\n\t\t\t\t\t\t<div class=\"elementor-container elementor-column-gap-no\">\n\t\t\t\t\t<div class=\"elementor-column elementor-col-100 elementor-top-column elementor-element elementor-element-1828b8f2\" data-id=\"1828b8f2\" data-element_type=\"column\">\n\t\t\t<div class=\"elementor-widget-wrap elementor-element-populated\">\n\t\t\t\t\t\t<div class=\"elementor-element elementor-element-108ce224 elementor-widget elementor-widget-scubo_course_details1\" data-id=\"108ce224\" data-element_type=\"widget\" data-widget_type=\"scubo_course_details1.default\">\n\t\t\t\t<div class=\"elementor-widget-container\">\n\t\t\t\t\t\n        <section class=\"course-details one\">\n            <div class=\"container\">\n                <div class=\"course-details__image\">\n                       \n\t\t\t\t\t<img decoding=\"async\" src=\"https:\/\/papuanmergulho.com.br\/site\/wp-content\/uploads\/2025\/10\/img-curso-05.jpg\" alt=\"\"\/>\n\t\t\t\t\t                    <div class=\"course-details__infos wow fadeInRight\" data-wow-duration=\"1500ms\">\n                        <div class=\"course-details__infos-title\">Curso<\/div>\n\t\t\t\t\t\t                        <div class=\"course-details__infos-single\">\n                            <span>12<\/span>\n                            <p>Horas de<br> instru\u00e7\u00e3o<\/p>\n                        <\/div>\n\t\t\t\t\t\t                        <div class=\"course-details__infos-single\">\n                            <span>2<\/span>\n                            <p>Aulas <br>te\u00f3ricas<\/p>\n                        <\/div>\n\t\t\t\t\t\t                        <div class=\"course-details__infos-single\">\n                            <span>5<\/span>\n                            <p>Mergulhos<\/p>\n                        <\/div>\n\t\t\t\t\t\t                    <\/div><!-- \/.course-details__infos -->\n                <\/div><!-- \/.course-details__image -->\n            <\/div><!-- \/.container -->\n        <\/section><!-- \/.course-details -->\n            \n\t\t\t\t\t\t<\/div>\n\t\t\t\t<\/div>\n\t\t\t\t\t<\/div>\n\t\t<\/div>\n\t\t\t\t\t<\/div>\n\t\t<\/section>\n\t\t\t\t<section class=\"elementor-section elementor-top-section elementor-element elementor-element-81dc3c3 elementor-section-full_width elementor-section-height-default elementor-section-height-default\" data-id=\"81dc3c3\" data-element_type=\"section\">\n\t\t\t\t\t\t<div class=\"elementor-container elementor-column-gap-no\">\n\t\t\t\t\t<div class=\"elementor-column elementor-col-100 elementor-top-column elementor-element elementor-element-6069036a\" data-id=\"6069036a\" data-element_type=\"column\">\n\t\t\t<div class=\"elementor-widget-wrap elementor-element-populated\">\n\t\t\t\t\t\t<div class=\"elementor-element elementor-element-5858c35f elementor-widget elementor-widget-scubo_course_details2\" data-id=\"5858c35f\" data-element_type=\"widget\" data-widget_type=\"scubo_course_details2.default\">\n\t\t\t\t<div class=\"elementor-widget-container\">\n\t\t\t\t\t\n        <section class=\"course-details two\">\n            <div class=\"container\">\n                <div class=\"course-details__content\">\n                    <h3>Curso Divemaster <\/h3>\n                    <p>Flutue sem se esfor\u00e7ar e fique \u00e0 deriva sobre os recifes. Seja o mergulhador que deseja ser, com perfeito controle de sua flutuabilidade, capacidade de levitar pr\u00f3ximo do fundo e examinar organismos subaqu\u00e1ticos sem toc\u00e1-los. Sua aventura nos n\u00edveis profissionais do mergulho recreativo come\u00e7a com o programa PADI Divemaster. Enquanto trabalha coesamente com um instrutor da PADI neste programa, voc\u00ea expandir\u00e1 o seu conhecimento sobre mergulho e aperfei\u00e7oar\u00e1 as suas habilidades at\u00e9 chegar ao n\u00edvel profissional. O treinamento para obter a certifica\u00e7\u00e3o de PADI Divemaster promove o desenvolvimento de suas habilidades de lideran\u00e7a, qualificando-o para supervisionar as atividades de mergulho e auxiliar os instrutores com os alunos de mergulho. Durante o programa PADI Divemaster, voc\u00ea aprender\u00e1 habilidades de lideran\u00e7a no mergulho na sala de aula e em estudos independentes. Voc\u00ea concluir\u00e1 exerc\u00edcios de demonstra\u00e7\u00e3o de habilidades aqu\u00e1ticas e resist\u00eancia f\u00edsica, bem como exerc\u00edcios de treinamento que ampliam sua capacidade de organiza\u00e7\u00e3o e resolu\u00e7\u00e3o de problemas. Voc\u00ea colocar\u00e1 este conhecimento em pr\u00e1tica em um est\u00e1gio ou uma s\u00e9rie de exerc\u00edcios pr\u00e1ticos de treinamento.<br><br>\nDesenvolvimento de conhecimento: 12 t\u00f3picos que variam de teoria do mergulho a auxiliar alunos de mergulho durante o treinamento\n\n\n<\/p>\n                    <h4>Mais informa\u00e7\u00f5es:<\/h4>\n                    <p>\u2022 PADI Advanced Open Water Diver (ou certifica\u00e7\u00e3o qualificadora de outra organiza\u00e7\u00e3o), Rescue Diver PADI (ou certifica\u00e7\u00e3o qualificadora de outra organiza\u00e7\u00e3o), 40 mergulhos registrados, 18 anos de idade.<br>\n\u2022 N\u00famero m\u00ednimo de mergulhos registrados: 60 para a certifica\u00e7\u00e3o PADI Divemaster.\n\n<\/p>\n                    <p><\/p>\n\t\t\t\t\t                    <a href=\"https:\/\/wa.me\/558396760806\/\" class=\"thm-btn course-details__btn\">Quero fazer o curso<\/a>\n\t\t\t\t\t\t\n                <\/div><!-- \/.course-details__content -->\n            <\/div><!-- \/.container -->\n        <\/section><!-- \/.course-details -->\n            \n\t\t\t\t\t\t<\/div>\n\t\t\t\t<\/div>\n\t\t\t\t\t<\/div>\n\t\t<\/div>\n\t\t\t\t\t<\/div>\n\t\t<\/section>\n\t\t\t\t<\/div>\n\t\t","protected":false},"excerpt":{"rendered":"<p>Curso 12 Horas de instru\u00e7\u00e3o 2 Aulas te\u00f3ricas 5 Mergulhos Curso Divemaster Flutue sem se esfor\u00e7ar e fique \u00e0 deriva sobre os recifes. Seja o mergulhador que deseja ser, com perfeito controle de sua flutuabilidade, capacidade de levitar pr\u00f3ximo do fundo e examinar organismos subaqu\u00e1ticos sem toc\u00e1-los. Sua aventura nos n\u00edveis profissionais do mergulho recreativo [&hellip;]<\/p>\n","protected":false},"author":1,"featured_media":0,"parent":0,"menu_order":0,"comment_status":"closed","ping_status":"closed","template":"tpl-default-elementor.php","meta":{"footnotes":""},"class_list":["post-1293","page","type-page","status-publish","hentry"],"_links":{"self":[{"href":"https:\/\/papuanmergulho.com.br\/site\/wp-json\/wp\/v2\/pages\/1293","targetHints":{"allow":["GET"]}}],"collection":[{"href":"https:\/\/papuanmergulho.com.br\/site\/wp-json\/wp\/v2\/pages"}],"about":[{"href":"https:\/\/papuanmergulho.com.br\/site\/wp-json\/wp\/v2\/types\/page"}],"author":[{"embeddable":true,"href":"https:\/\/papuanmergulho.com.br\/site\/wp-json\/wp\/v2\/users\/1"}],"replies":[{"embeddable":true,"href":"https:\/\/papuanmergulho.com.br\/site\/wp-json\/wp\/v2\/comments?post=1293"}],"version-history":[{"count":7,"href":"https:\/\/papuanmergulho.com.br\/site\/wp-json\/wp\/v2\/pages\/1293\/revisions"}],"predecessor-version":[{"id":1345,"href":"https:\/\/papuanmergulho.com.br\/site\/wp-json\/wp\/v2\/pages\/1293\/revisions\/1345"}],"wp:attachment":[{"href":"https:\/\/papuanmergulho.com.br\/site\/wp-json\/wp\/v2\/media?parent=1293"}],"curies":[{"name":"wp","href":"https:\/\/api.w.org\/{rel}","templated":true}]}}