{"id":1295,"date":"2025-10-13T17:36:25","date_gmt":"2025-10-13T20:36:25","guid":{"rendered":"https:\/\/papuanmergulho.com.br\/site\/?page_id=1295"},"modified":"2025-10-13T18:05:04","modified_gmt":"2025-10-13T21:05:04","slug":"especialidade-enriched-air-diver-nitrox","status":"publish","type":"page","link":"https:\/\/papuanmergulho.com.br\/site\/especialidade-enriched-air-diver-nitrox\/","title":{"rendered":"Especialidade Enriched Air Diver (Nitrox)"},"content":{"rendered":"\t\t<div data-elementor-type=\"wp-page\" data-elementor-id=\"1295\" class=\"elementor elementor-1295\">\n\t\t\t\t\t\t<section class=\"elementor-section elementor-top-section elementor-element elementor-element-824fd0b elementor-section-full_width elementor-section-height-default elementor-section-height-default\" data-id=\"824fd0b\" data-element_type=\"section\">\n\t\t\t\t\t\t<div class=\"elementor-container elementor-column-gap-no\">\n\t\t\t\t\t<div class=\"elementor-column elementor-col-100 elementor-top-column elementor-element elementor-element-1828b8f2\" data-id=\"1828b8f2\" data-element_type=\"column\">\n\t\t\t<div class=\"elementor-widget-wrap elementor-element-populated\">\n\t\t\t\t\t\t<div class=\"elementor-element elementor-element-108ce224 elementor-widget elementor-widget-scubo_course_details1\" data-id=\"108ce224\" data-element_type=\"widget\" data-widget_type=\"scubo_course_details1.default\">\n\t\t\t\t<div class=\"elementor-widget-container\">\n\t\t\t\t\t\n        <section class=\"course-details one\">\n            <div class=\"container\">\n                <div class=\"course-details__image\">\n                       \n\t\t\t\t\t<img decoding=\"async\" src=\"https:\/\/papuanmergulho.com.br\/site\/wp-content\/uploads\/2025\/10\/img-curso-06.jpg\" alt=\"\"\/>\n\t\t\t\t\t                    <div class=\"course-details__infos wow fadeInRight\" data-wow-duration=\"1500ms\">\n                        <div class=\"course-details__infos-title\">Curso<\/div>\n\t\t\t\t\t\t                        <div class=\"course-details__infos-single\">\n                            <span>12<\/span>\n                            <p>Horas de<br> instru\u00e7\u00e3o<\/p>\n                        <\/div>\n\t\t\t\t\t\t                        <div class=\"course-details__infos-single\">\n                            <span>2<\/span>\n                            <p>Aulas <br>te\u00f3ricas<\/p>\n                        <\/div>\n\t\t\t\t\t\t                        <div class=\"course-details__infos-single\">\n                            <span>5<\/span>\n                            <p>Mergulhos<\/p>\n                        <\/div>\n\t\t\t\t\t\t                    <\/div><!-- \/.course-details__infos -->\n                <\/div><!-- \/.course-details__image -->\n            <\/div><!-- \/.container -->\n        <\/section><!-- \/.course-details -->\n            \n\t\t\t\t\t\t<\/div>\n\t\t\t\t<\/div>\n\t\t\t\t\t<\/div>\n\t\t<\/div>\n\t\t\t\t\t<\/div>\n\t\t<\/section>\n\t\t\t\t<section class=\"elementor-section elementor-top-section elementor-element elementor-element-81dc3c3 elementor-section-full_width elementor-section-height-default elementor-section-height-default\" data-id=\"81dc3c3\" data-element_type=\"section\">\n\t\t\t\t\t\t<div class=\"elementor-container elementor-column-gap-no\">\n\t\t\t\t\t<div class=\"elementor-column elementor-col-100 elementor-top-column elementor-element elementor-element-6069036a\" data-id=\"6069036a\" data-element_type=\"column\">\n\t\t\t<div class=\"elementor-widget-wrap elementor-element-populated\">\n\t\t\t\t\t\t<div class=\"elementor-element elementor-element-5858c35f elementor-widget elementor-widget-scubo_course_details2\" data-id=\"5858c35f\" data-element_type=\"widget\" data-widget_type=\"scubo_course_details2.default\">\n\t\t\t\t<div class=\"elementor-widget-container\">\n\t\t\t\t\t\n        <section class=\"course-details two\">\n            <div class=\"container\">\n                <div class=\"course-details__content\">\n                    <h3>Especialidade <br>Enriched Air Diver (Nitrox)<\/h3>\n                    <p>Bem-vindo a uma das especialidades mais populares da PADI: o curso Enriched Air Driver PADI. Mergulhar com ar enriquecido (nitrox) permite que voc\u00ea aumente o tempo de mergulho n\u00e3o descompressivo al\u00e9m dos limites descompressivos do mergulho com ar. Mergulhar com ar enriquecido significa mais tempo embaixo d'\u00e1gua, mas \u00e9 preciso ser certificado como mergulhador com ar enriquecido para obter recargas com ar enriquecido.<br><br>\nQuer voc\u00ea esteja praticando fotografia submarina, explorando naufr\u00e1gios, de f\u00e9rias em algum para\u00edso tropical ou apenas mergulhando por lazer localmente, o curso Enriched Air Driver PADI o ajudar\u00e1 a aproveitar melhor seus mergulhos ao permitir que permane\u00e7a mais tempo submerso.\n\n<\/p>\n                    <h4>Pr\u00e9-requisitos:\n<\/h4>\n                    <p>\u2022 Deve ter certifica\u00e7\u00e3o PADI Open Water Diver (ou certifica\u00e7\u00e3o qualificadora de outra organiza\u00e7\u00e3o).<\/p>\n                    <p><\/p>\n\t\t\t\t\t                    <a href=\"https:\/\/wa.me\/558396760806\/\" class=\"thm-btn course-details__btn\">Quero fazer o curso<\/a>\n\t\t\t\t\t\t\n                <\/div><!-- \/.course-details__content -->\n            <\/div><!-- \/.container -->\n        <\/section><!-- \/.course-details -->\n            \n\t\t\t\t\t\t<\/div>\n\t\t\t\t<\/div>\n\t\t\t\t\t<\/div>\n\t\t<\/div>\n\t\t\t\t\t<\/div>\n\t\t<\/section>\n\t\t\t\t<\/div>\n\t\t","protected":false},"excerpt":{"rendered":"<p>Curso 12 Horas de instru\u00e7\u00e3o 2 Aulas te\u00f3ricas 5 Mergulhos Especialidade Enriched Air Diver (Nitrox) Bem-vindo a uma das especialidades mais populares da PADI: o curso Enriched Air Driver PADI. Mergulhar com ar enriquecido (nitrox) permite que voc\u00ea aumente o tempo de mergulho n\u00e3o descompressivo al\u00e9m dos limites descompressivos do mergulho com ar. Mergulhar com [&hellip;]<\/p>\n","protected":false},"author":1,"featured_media":0,"parent":0,"menu_order":0,"comment_status":"closed","ping_status":"closed","template":"tpl-default-elementor.php","meta":{"footnotes":""},"class_list":["post-1295","page","type-page","status-publish","hentry"],"_links":{"self":[{"href":"https:\/\/papuanmergulho.com.br\/site\/wp-json\/wp\/v2\/pages\/1295","targetHints":{"allow":["GET"]}}],"collection":[{"href":"https:\/\/papuanmergulho.com.br\/site\/wp-json\/wp\/v2\/pages"}],"about":[{"href":"https:\/\/papuanmergulho.com.br\/site\/wp-json\/wp\/v2\/types\/page"}],"author":[{"embeddable":true,"href":"https:\/\/papuanmergulho.com.br\/site\/wp-json\/wp\/v2\/users\/1"}],"replies":[{"embeddable":true,"href":"https:\/\/papuanmergulho.com.br\/site\/wp-json\/wp\/v2\/comments?post=1295"}],"version-history":[{"count":7,"href":"https:\/\/papuanmergulho.com.br\/site\/wp-json\/wp\/v2\/pages\/1295\/revisions"}],"predecessor-version":[{"id":1349,"href":"https:\/\/papuanmergulho.com.br\/site\/wp-json\/wp\/v2\/pages\/1295\/revisions\/1349"}],"wp:attachment":[{"href":"https:\/\/papuanmergulho.com.br\/site\/wp-json\/wp\/v2\/media?parent=1295"}],"curies":[{"name":"wp","href":"https:\/\/api.w.org\/{rel}","templated":true}]}}