{"id":282,"date":"2021-04-16T10:09:54","date_gmt":"2021-04-16T10:09:54","guid":{"rendered":"http:\/\/z.commonsupport.com\/scubo\/?page_id=282"},"modified":"2025-10-13T18:05:27","modified_gmt":"2025-10-13T21:05:27","slug":"cursos","status":"publish","type":"page","link":"https:\/\/papuanmergulho.com.br\/site\/cursos\/","title":{"rendered":"Cursos"},"content":{"rendered":"\t\t<div data-elementor-type=\"wp-page\" data-elementor-id=\"282\" class=\"elementor elementor-282\">\n\t\t\t\t\t\t<section class=\"elementor-section elementor-top-section elementor-element elementor-element-5d4aacf3 elementor-section-full_width elementor-section-height-default elementor-section-height-default\" data-id=\"5d4aacf3\" data-element_type=\"section\">\n\t\t\t\t\t\t<div class=\"elementor-container elementor-column-gap-no\">\n\t\t\t\t\t<div class=\"elementor-column elementor-col-100 elementor-top-column elementor-element elementor-element-7c825c39\" data-id=\"7c825c39\" data-element_type=\"column\">\n\t\t\t<div class=\"elementor-widget-wrap elementor-element-populated\">\n\t\t\t\t\t\t<div class=\"elementor-element elementor-element-1c8ead03 elementor-widget elementor-widget-scubo_course\" data-id=\"1c8ead03\" data-element_type=\"widget\" data-widget_type=\"scubo_course.default\">\n\t\t\t\t<div class=\"elementor-widget-container\">\n\t\t\t\t\t\n\t\t<section class=\"course-one \">\n\t\t\t<div class=\"container\">\n\t\t\t\t<div class=\"row\">\n\t\t\t\t\t\t\t\t\t\t<div class=\"col-lg-4 col-md-6\">\n\t\t\t\t\t\t<div class=\"course-one__single\">\n                            <div class=\"course-one__image\">\n                                <a href=\"https:\/\/papuanmergulho.com.br\/site\/curso-basico-de-mergulho\/\" class=\"course-one__cat\">Certifica\u00e7\u00e3o PADI<\/a>\n                                <div class=\"course-one__image-inner\">\n                                    <img decoding=\"async\" src=\"https:\/\/papuanmergulho.com.br\/site\/wp-content\/uploads\/2025\/10\/img-curso-01.jpg\" alt=\"\">\n                                    <a href=\"https:\/\/papuanmergulho.com.br\/site\/curso-basico-de-mergulho\/\"><i class=\"scubo-icon-plus-symbol\"><\/i><\/a>\n                                <\/div><!-- \/.course-one__image-inner -->\n                            <\/div><!-- \/.course-one__image -->\n                            <div class=\"course-one__content hvr-sweep-to-bottom\">\n                                <h3><a href=\"https:\/\/papuanmergulho.com.br\/site\/curso-basico-de-mergulho\/\">Curso B\u00e1sico de Mergulho<\/a><\/h3>\n                                <p>A certifica\u00e7\u00e3o de metodologias que nos auxiliam a lidar com a articula\u00e7\u00e3o entre os diferentes n\u00edveis institucionais traz consigo um leque de implica\u00e7\u00f5es pr\u00e1ticas dos modos de opera\u00e7\u00e3o convencionais.<\/p>\n                            <\/div><!-- \/.course-one__content -->\n\t\t\t\t\t\t\t                            <a href=\"https:\/\/papuanmergulho.com.br\/site\/curso-basico-de-mergulho\/\" class=\"course-one__book-link\">Saiba mais<\/a>\n\t\t\t\t\t\t\t                        <\/div><!-- \/.course-one__single -->\n\t\t\t\t\t<\/div><!-- \/.col-lg-4 col-md-6 -->\n\t\t\t\t\t\t\t\t\t\t<div class=\"col-lg-4 col-md-6\">\n\t\t\t\t\t\t<div class=\"course-one__single\">\n                            <div class=\"course-one__image\">\n                                <a href=\"https:\/\/papuanmergulho.com.br\/site\/curso-avancado-de-mergulho\/\" class=\"course-one__cat\">Certifica\u00e7\u00e3o PADI<\/a>\n                                <div class=\"course-one__image-inner\">\n                                    <img decoding=\"async\" src=\"https:\/\/papuanmergulho.com.br\/site\/wp-content\/uploads\/2025\/10\/img-curso-02.jpg\" alt=\"\">\n                                    <a href=\"https:\/\/papuanmergulho.com.br\/site\/curso-avancado-de-mergulho\/\"><i class=\"scubo-icon-plus-symbol\"><\/i><\/a>\n                                <\/div><!-- \/.course-one__image-inner -->\n                            <\/div><!-- \/.course-one__image -->\n                            <div class=\"course-one__content hvr-sweep-to-bottom\">\n                                <h3><a href=\"https:\/\/papuanmergulho.com.br\/site\/curso-avancado-de-mergulho\/\">Curso Avan\u00e7ado de Mergulho<\/a><\/h3>\n                                <p>A certifica\u00e7\u00e3o de metodologias que nos auxiliam a lidar com a articula\u00e7\u00e3o entre os diferentes n\u00edveis institucionais traz consigo um leque de implica\u00e7\u00f5es pr\u00e1ticas dos modos de opera\u00e7\u00e3o convencionais.<\/p>\n                            <\/div><!-- \/.course-one__content -->\n\t\t\t\t\t\t\t                            <a href=\"https:\/\/papuanmergulho.com.br\/site\/curso-avancado-de-mergulho\/\" class=\"course-one__book-link\">Saiba mais<\/a>\n\t\t\t\t\t\t\t                        <\/div><!-- \/.course-one__single -->\n\t\t\t\t\t<\/div><!-- \/.col-lg-4 col-md-6 -->\n\t\t\t\t\t\t\t\t\t\t<div class=\"col-lg-4 col-md-6\">\n\t\t\t\t\t\t<div class=\"course-one__single\">\n                            <div class=\"course-one__image\">\n                                <a href=\"https:\/\/papuanmergulho.com.br\/site\/curso-emergency-first-response-efr\/\" class=\"course-one__cat\">Certifica\u00e7\u00e3o PADI<\/a>\n                                <div class=\"course-one__image-inner\">\n                                    <img decoding=\"async\" src=\"https:\/\/papuanmergulho.com.br\/site\/wp-content\/uploads\/2025\/10\/img-curso-03.jpg\" alt=\"\">\n                                    <a href=\"https:\/\/papuanmergulho.com.br\/site\/curso-emergency-first-response-efr\/\"><i class=\"scubo-icon-plus-symbol\"><\/i><\/a>\n                                <\/div><!-- \/.course-one__image-inner -->\n                            <\/div><!-- \/.course-one__image -->\n                            <div class=\"course-one__content hvr-sweep-to-bottom\">\n                                <h3><a href=\"https:\/\/papuanmergulho.com.br\/site\/curso-emergency-first-response-efr\/\">Curso Emergency First Response<\/a><\/h3>\n                                <p>A certifica\u00e7\u00e3o de metodologias que nos auxiliam a lidar com a articula\u00e7\u00e3o entre os diferentes n\u00edveis institucionais traz consigo um leque de implica\u00e7\u00f5es pr\u00e1ticas dos modos de opera\u00e7\u00e3o convencionais.<\/p>\n                            <\/div><!-- \/.course-one__content -->\n\t\t\t\t\t\t\t                            <a href=\"https:\/\/papuanmergulho.com.br\/site\/curso-emergency-first-response-efr\/\" class=\"course-one__book-link\">Saiba mais<\/a>\n\t\t\t\t\t\t\t                        <\/div><!-- \/.course-one__single -->\n\t\t\t\t\t<\/div><!-- \/.col-lg-4 col-md-6 -->\n\t\t\t\t\t\t\t\t\t\t<div class=\"col-lg-4 col-md-6\">\n\t\t\t\t\t\t<div class=\"course-one__single\">\n                            <div class=\"course-one__image\">\n                                <a href=\"https:\/\/papuanmergulho.com.br\/site\/curso-rescue-diver\/\" class=\"course-one__cat\">Certifica\u00e7\u00e3o PADI<\/a>\n                                <div class=\"course-one__image-inner\">\n                                    <img decoding=\"async\" src=\"https:\/\/papuanmergulho.com.br\/site\/wp-content\/uploads\/2025\/10\/img-curso-04.jpg\" alt=\"\">\n                                    <a href=\"https:\/\/papuanmergulho.com.br\/site\/curso-rescue-diver\/\"><i class=\"scubo-icon-plus-symbol\"><\/i><\/a>\n                                <\/div><!-- \/.course-one__image-inner -->\n                            <\/div><!-- \/.course-one__image -->\n                            <div class=\"course-one__content hvr-sweep-to-bottom\">\n                                <h3><a href=\"https:\/\/papuanmergulho.com.br\/site\/curso-rescue-diver\/\">Curso Rescue Diver<\/a><\/h3>\n                                <p>A certifica\u00e7\u00e3o de metodologias que nos auxiliam a lidar com a articula\u00e7\u00e3o entre os diferentes n\u00edveis institucionais traz consigo um leque de implica\u00e7\u00f5es pr\u00e1ticas dos modos de opera\u00e7\u00e3o convencionais.<\/p>\n                            <\/div><!-- \/.course-one__content -->\n\t\t\t\t\t\t\t                            <a href=\"https:\/\/papuanmergulho.com.br\/site\/curso-rescue-diver\/\" class=\"course-one__book-link\">Saiba mais<\/a>\n\t\t\t\t\t\t\t                        <\/div><!-- \/.course-one__single -->\n\t\t\t\t\t<\/div><!-- \/.col-lg-4 col-md-6 -->\n\t\t\t\t\t\t\t\t\t\t<div class=\"col-lg-4 col-md-6\">\n\t\t\t\t\t\t<div class=\"course-one__single\">\n                            <div class=\"course-one__image\">\n                                <a href=\"https:\/\/papuanmergulho.com.br\/site\/curso-divemaster\/\" class=\"course-one__cat\">Certifica\u00e7\u00e3o PADI<\/a>\n                                <div class=\"course-one__image-inner\">\n                                    <img decoding=\"async\" src=\"https:\/\/papuanmergulho.com.br\/site\/wp-content\/uploads\/2025\/10\/img-curso-05.jpg\" alt=\"\">\n                                    <a href=\"https:\/\/papuanmergulho.com.br\/site\/curso-divemaster\/\"><i class=\"scubo-icon-plus-symbol\"><\/i><\/a>\n                                <\/div><!-- \/.course-one__image-inner -->\n                            <\/div><!-- \/.course-one__image -->\n                            <div class=\"course-one__content hvr-sweep-to-bottom\">\n                                <h3><a href=\"https:\/\/papuanmergulho.com.br\/site\/curso-divemaster\/\">Curso Divemaster <\/a><\/h3>\n                                <p>A certifica\u00e7\u00e3o de metodologias que nos auxiliam a lidar com a articula\u00e7\u00e3o entre os diferentes n\u00edveis institucionais traz consigo um leque de implica\u00e7\u00f5es pr\u00e1ticas dos modos de opera\u00e7\u00e3o convencionais.<\/p>\n                            <\/div><!-- \/.course-one__content -->\n\t\t\t\t\t\t\t                            <a href=\"https:\/\/papuanmergulho.com.br\/site\/curso-divemaster\/\" class=\"course-one__book-link\">Saiba mais<\/a>\n\t\t\t\t\t\t\t                        <\/div><!-- \/.course-one__single -->\n\t\t\t\t\t<\/div><!-- \/.col-lg-4 col-md-6 -->\n\t\t\t\t\t\t\t\t\t\t<div class=\"col-lg-4 col-md-6\">\n\t\t\t\t\t\t<div class=\"course-one__single\">\n                            <div class=\"course-one__image\">\n                                <a href=\"https:\/\/papuanmergulho.com.br\/site\/especialidade-enriched-air-diver-nitrox\/\" class=\"course-one__cat\">Certifica\u00e7\u00e3o PADI<\/a>\n                                <div class=\"course-one__image-inner\">\n                                    <img decoding=\"async\" src=\"https:\/\/papuanmergulho.com.br\/site\/wp-content\/uploads\/2025\/10\/img-curso-06.jpg\" alt=\"\">\n                                    <a href=\"https:\/\/papuanmergulho.com.br\/site\/especialidade-enriched-air-diver-nitrox\/\"><i class=\"scubo-icon-plus-symbol\"><\/i><\/a>\n                                <\/div><!-- \/.course-one__image-inner -->\n                            <\/div><!-- \/.course-one__image -->\n                            <div class=\"course-one__content hvr-sweep-to-bottom\">\n                                <h3><a href=\"https:\/\/papuanmergulho.com.br\/site\/especialidade-enriched-air-diver-nitrox\/\">Especialidade Nitrox<\/a><\/h3>\n                                <p>A certifica\u00e7\u00e3o de metodologias que nos auxiliam a lidar com a articula\u00e7\u00e3o entre os diferentes n\u00edveis institucionais traz consigo um leque de implica\u00e7\u00f5es pr\u00e1ticas dos modos de opera\u00e7\u00e3o convencionais.<\/p>\n                            <\/div><!-- \/.course-one__content -->\n\t\t\t\t\t\t\t                            <a href=\"https:\/\/papuanmergulho.com.br\/site\/especialidade-enriched-air-diver-nitrox\/\" class=\"course-one__book-link\">Saiba mais<\/a>\n\t\t\t\t\t\t\t                        <\/div><!-- \/.course-one__single -->\n\t\t\t\t\t<\/div><!-- \/.col-lg-4 col-md-6 -->\n\t\t\t\t\t\t\t\t\t<\/div><!-- \/.row -->\n\t\t\t<\/div><!-- \/.container -->\n\t\t<\/section><!-- \/.course-one -->\n            \n\t\t\t\t\t\t<\/div>\n\t\t\t\t<\/div>\n\t\t\t\t\t<\/div>\n\t\t<\/div>\n\t\t\t\t\t<\/div>\n\t\t<\/section>\n\t\t\t\t<\/div>\n\t\t","protected":false},"excerpt":{"rendered":"<p>Certifica\u00e7\u00e3o PADI Curso B\u00e1sico de Mergulho A certifica\u00e7\u00e3o de metodologias que nos auxiliam a lidar com a articula\u00e7\u00e3o entre os diferentes n\u00edveis institucionais traz consigo um leque de implica\u00e7\u00f5es pr\u00e1ticas dos modos de opera\u00e7\u00e3o convencionais. Saiba mais Certifica\u00e7\u00e3o PADI Curso Avan\u00e7ado de Mergulho A certifica\u00e7\u00e3o de metodologias que nos auxiliam a lidar com a articula\u00e7\u00e3o [&hellip;]<\/p>\n","protected":false},"author":1,"featured_media":0,"parent":0,"menu_order":0,"comment_status":"closed","ping_status":"closed","template":"tpl-default-elementor.php","meta":{"footnotes":""},"class_list":["post-282","page","type-page","status-publish","hentry"],"_links":{"self":[{"href":"https:\/\/papuanmergulho.com.br\/site\/wp-json\/wp\/v2\/pages\/282","targetHints":{"allow":["GET"]}}],"collection":[{"href":"https:\/\/papuanmergulho.com.br\/site\/wp-json\/wp\/v2\/pages"}],"about":[{"href":"https:\/\/papuanmergulho.com.br\/site\/wp-json\/wp\/v2\/types\/page"}],"author":[{"embeddable":true,"href":"https:\/\/papuanmergulho.com.br\/site\/wp-json\/wp\/v2\/users\/1"}],"replies":[{"embeddable":true,"href":"https:\/\/papuanmergulho.com.br\/site\/wp-json\/wp\/v2\/comments?post=282"}],"version-history":[{"count":23,"href":"https:\/\/papuanmergulho.com.br\/site\/wp-json\/wp\/v2\/pages\/282\/revisions"}],"predecessor-version":[{"id":1352,"href":"https:\/\/papuanmergulho.com.br\/site\/wp-json\/wp\/v2\/pages\/282\/revisions\/1352"}],"wp:attachment":[{"href":"https:\/\/papuanmergulho.com.br\/site\/wp-json\/wp\/v2\/media?parent=282"}],"curies":[{"name":"wp","href":"https:\/\/api.w.org\/{rel}","templated":true}]}}