{"id":676,"date":"2021-10-15T13:42:45","date_gmt":"2021-10-15T13:42:45","guid":{"rendered":"http:\/\/z.commonsupport.com\/scubo\/?page_id=676"},"modified":"2025-10-13T17:14:18","modified_gmt":"2025-10-13T20:14:18","slug":"equipe","status":"publish","type":"page","link":"https:\/\/papuanmergulho.com.br\/site\/equipe\/","title":{"rendered":"Equipe"},"content":{"rendered":"\t\t<div data-elementor-type=\"wp-page\" data-elementor-id=\"676\" class=\"elementor elementor-676\">\n\t\t\t\t\t\t<section class=\"elementor-section elementor-top-section elementor-element elementor-element-67adc0d elementor-section-full_width elementor-section-height-default elementor-section-height-default\" data-id=\"67adc0d\" data-element_type=\"section\">\n\t\t\t\t\t\t<div class=\"elementor-container elementor-column-gap-default\">\n\t\t\t\t\t<div class=\"elementor-column elementor-col-100 elementor-top-column elementor-element elementor-element-8140416\" data-id=\"8140416\" data-element_type=\"column\">\n\t\t\t<div class=\"elementor-widget-wrap elementor-element-populated\">\n\t\t\t\t\t\t<div class=\"elementor-element elementor-element-08154b8 elementor-widget elementor-widget-scubo_team2\" data-id=\"08154b8\" data-element_type=\"widget\" data-widget_type=\"scubo_team2.default\">\n\t\t\t\t<div class=\"elementor-widget-container\">\n\t\t\t\t\t  \n\t\t<section class=\"team-one \">\n\t\t\t<div class=\"container\">\n\t\t\t\t\t\t\t\t<div class=\"block-title text-center\">\n\t\t\t\t\t   \n\t\t\t\t\t<img decoding=\"async\" src=\"https:\/\/papuanmergulho.com.br\/site\/wp-content\/uploads\/2025\/08\/separador.png\" alt=\"\"\/>\n\t\t\t\t\t\t\t\t\t\t<p class=\"text-uppercase\">Staff da Papuan Mergulho<\/p>\n\t\t\t\t\t<h3 class=\"text-uppercase\">NOSSO STAFF<\/h3>\n\t\t\t\t<\/div><!-- \/.block-title -->\n\t\t\t\t\t\t\t\t<div class=\"row\">\n\t\t\t\t\t\n\t\t\t\t\t\t\t\t\t\t\t\t\n\t\t\t\t\t\t\t<div class=\"col-lg-4 col-md-6 wow fadeInLeft\" data-wow-duration=\"1500ms\" data-wow-delay=\"000ms\">\n\t\t\t\t\t\t\t\t<div class=\"team-one__single\">\n\t\t\t\t\t\t\t\t\t<img fetchpriority=\"high\" decoding=\"async\" width=\"400\" height=\"400\" src=\"https:\/\/papuanmergulho.com.br\/site\/wp-content\/uploads\/2025\/08\/staff-01.jpg\" class=\"attachment-post-thumbnail size-post-thumbnail wp-post-image\" alt=\"\" srcset=\"https:\/\/papuanmergulho.com.br\/site\/wp-content\/uploads\/2025\/08\/staff-01.jpg 400w, https:\/\/papuanmergulho.com.br\/site\/wp-content\/uploads\/2025\/08\/staff-01-300x300.jpg 300w, https:\/\/papuanmergulho.com.br\/site\/wp-content\/uploads\/2025\/08\/staff-01-150x150.jpg 150w, https:\/\/papuanmergulho.com.br\/site\/wp-content\/uploads\/2025\/08\/staff-01-70x70.jpg 70w, https:\/\/papuanmergulho.com.br\/site\/wp-content\/uploads\/2025\/08\/staff-01-100x100.jpg 100w\" sizes=\"(max-width: 400px) 100vw, 400px\" \/>\t\t\t\t\t\t\t\t\t<div class=\"team-one__content\">\n\t\t\t\t\t\t\t\t\t\t<div class=\"team-one__content-inner\">\n\t\t\t\t\t\t\t\t\t\t\t<h3 class=\"tean_title\">Vitor Freire<\/h3>\n\t\t\t\t\t\t\t\t\t\t\t<span>Instrutor respons\u00e1vel \/ Chefe de opera\u00e7\u00f5es <\/span>\n\t\t\t\t\t\t\t\t\t\t\t\t\t\t\t\t\t\t\t\t\t\t<div class=\"team-one__social\">\n\t\t\t\t\t\t\t\t\t\t\t\t\t\t\t\t\t\t\t\t\t\t\t\t<a href=\"https:\/\/www.instagram.com\/vitorfreirediver\"><i class=\"fab fa-instagram\"><\/i><\/a>\n\t\t\t\t\t\t\t\t\t\t\t\t\t\t\t\t\t\t\t\t\t\t\t<\/div><!-- \/.team-one__social -->\n\t\t\t\t\t\t\t\t\t\t\t\t\t\t\t\t\t\t\t\t\t<\/div><!-- \/.team-one__content-inner -->\n\t\t\t\t\t\t\t\t\t<\/div><!-- \/.team-one__content -->\n\t\t\t\t\t\t\t\t<\/div><!-- \/.team-one__single -->\n\t\t\t\t\t\t\t<\/div><!-- \/.col-lg-3 col-md-6 -->\n\t\t\t\t\t\t\t\t\t\t\t\t\t\t\n\t\t\t\t\t\t\t<div class=\"col-lg-4 col-md-6 wow fadeInLeft\" data-wow-duration=\"1500ms\" data-wow-delay=\"000ms\">\n\t\t\t\t\t\t\t\t<div class=\"team-one__single\">\n\t\t\t\t\t\t\t\t\t<img decoding=\"async\" width=\"400\" height=\"400\" src=\"https:\/\/papuanmergulho.com.br\/site\/wp-content\/uploads\/2025\/08\/staff-02.jpg\" class=\"attachment-post-thumbnail size-post-thumbnail wp-post-image\" alt=\"\" srcset=\"https:\/\/papuanmergulho.com.br\/site\/wp-content\/uploads\/2025\/08\/staff-02.jpg 400w, https:\/\/papuanmergulho.com.br\/site\/wp-content\/uploads\/2025\/08\/staff-02-300x300.jpg 300w, https:\/\/papuanmergulho.com.br\/site\/wp-content\/uploads\/2025\/08\/staff-02-150x150.jpg 150w, https:\/\/papuanmergulho.com.br\/site\/wp-content\/uploads\/2025\/08\/staff-02-70x70.jpg 70w, https:\/\/papuanmergulho.com.br\/site\/wp-content\/uploads\/2025\/08\/staff-02-100x100.jpg 100w\" sizes=\"(max-width: 400px) 100vw, 400px\" \/>\t\t\t\t\t\t\t\t\t<div class=\"team-one__content\">\n\t\t\t\t\t\t\t\t\t\t<div class=\"team-one__content-inner\">\n\t\t\t\t\t\t\t\t\t\t\t<h3 class=\"tean_title\">Fl\u00e1via Mariano<\/h3>\n\t\t\t\t\t\t\t\t\t\t\t<span>Mergulhadora Divemaster \/ Gerente comercial <\/span>\n\t\t\t\t\t\t\t\t\t\t\t\t\t\t\t\t\t\t\t\t\t\t<div class=\"team-one__social\">\n\t\t\t\t\t\t\t\t\t\t\t\t\t\t\t\t\t\t\t\t\t\t\t\t<a href=\"https:\/\/www.instagram.com\/flaviaxmariano\"><i class=\"fab fa-instagram\"><\/i><\/a>\n\t\t\t\t\t\t\t\t\t\t\t\t\t\t\t\t\t\t\t\t\t\t\t<\/div><!-- \/.team-one__social -->\n\t\t\t\t\t\t\t\t\t\t\t\t\t\t\t\t\t\t\t\t\t<\/div><!-- \/.team-one__content-inner -->\n\t\t\t\t\t\t\t\t\t<\/div><!-- \/.team-one__content -->\n\t\t\t\t\t\t\t\t<\/div><!-- \/.team-one__single -->\n\t\t\t\t\t\t\t<\/div><!-- \/.col-lg-3 col-md-6 -->\n\t\t\t\t\t\t\t\t\t\t\t\t\t\t\n\t\t\t\t\t\t\t<div class=\"col-lg-4 col-md-6 wow fadeInLeft\" data-wow-duration=\"1500ms\" data-wow-delay=\"000ms\">\n\t\t\t\t\t\t\t\t<div class=\"team-one__single\">\n\t\t\t\t\t\t\t\t\t<img decoding=\"async\" width=\"400\" height=\"400\" src=\"https:\/\/papuanmergulho.com.br\/site\/wp-content\/uploads\/2020\/01\/staff-03.jpg\" class=\"attachment-post-thumbnail size-post-thumbnail wp-post-image\" alt=\"\" srcset=\"https:\/\/papuanmergulho.com.br\/site\/wp-content\/uploads\/2020\/01\/staff-03.jpg 400w, https:\/\/papuanmergulho.com.br\/site\/wp-content\/uploads\/2020\/01\/staff-03-300x300.jpg 300w, https:\/\/papuanmergulho.com.br\/site\/wp-content\/uploads\/2020\/01\/staff-03-150x150.jpg 150w, https:\/\/papuanmergulho.com.br\/site\/wp-content\/uploads\/2020\/01\/staff-03-70x70.jpg 70w, https:\/\/papuanmergulho.com.br\/site\/wp-content\/uploads\/2020\/01\/staff-03-100x100.jpg 100w\" sizes=\"(max-width: 400px) 100vw, 400px\" \/>\t\t\t\t\t\t\t\t\t<div class=\"team-one__content\">\n\t\t\t\t\t\t\t\t\t\t<div class=\"team-one__content-inner\">\n\t\t\t\t\t\t\t\t\t\t\t<h3 class=\"tean_title\">Stephani Somekawa<\/h3>\n\t\t\t\t\t\t\t\t\t\t\t<span>Mergulhadora Divemaster<\/span>\n\t\t\t\t\t\t\t\t\t\t\t\t\t\t\t\t\t\t\t\t\t\t<div class=\"team-one__social\">\n\t\t\t\t\t\t\t\t\t\t\t\t\t\t\t\t\t\t\t\t\t\t\t\t<a href=\"https:\/\/www.instagram.com\/ste.somekawa\"><i class=\"fab fa-instagram\"><\/i><\/a>\n\t\t\t\t\t\t\t\t\t\t\t\t\t\t\t\t\t\t\t\t\t\t\t<\/div><!-- \/.team-one__social -->\n\t\t\t\t\t\t\t\t\t\t\t\t\t\t\t\t\t\t\t\t\t<\/div><!-- \/.team-one__content-inner -->\n\t\t\t\t\t\t\t\t\t<\/div><!-- \/.team-one__content -->\n\t\t\t\t\t\t\t\t<\/div><!-- \/.team-one__single -->\n\t\t\t\t\t\t\t<\/div><!-- \/.col-lg-3 col-md-6 -->\n\t\t\t\t\t\t\t\t\t\t\t\t\t\t\n\t\t\t\t\t\t\t<div class=\"col-lg-4 col-md-6 wow fadeInLeft\" data-wow-duration=\"1500ms\" data-wow-delay=\"000ms\">\n\t\t\t\t\t\t\t\t<div class=\"team-one__single\">\n\t\t\t\t\t\t\t\t\t<img decoding=\"async\" width=\"400\" height=\"400\" src=\"https:\/\/papuanmergulho.com.br\/site\/wp-content\/uploads\/2020\/01\/staff-03.jpg\" class=\"attachment-post-thumbnail size-post-thumbnail wp-post-image\" alt=\"\" srcset=\"https:\/\/papuanmergulho.com.br\/site\/wp-content\/uploads\/2020\/01\/staff-03.jpg 400w, https:\/\/papuanmergulho.com.br\/site\/wp-content\/uploads\/2020\/01\/staff-03-300x300.jpg 300w, https:\/\/papuanmergulho.com.br\/site\/wp-content\/uploads\/2020\/01\/staff-03-150x150.jpg 150w, https:\/\/papuanmergulho.com.br\/site\/wp-content\/uploads\/2020\/01\/staff-03-70x70.jpg 70w, https:\/\/papuanmergulho.com.br\/site\/wp-content\/uploads\/2020\/01\/staff-03-100x100.jpg 100w\" sizes=\"(max-width: 400px) 100vw, 400px\" \/>\t\t\t\t\t\t\t\t\t<div class=\"team-one__content\">\n\t\t\t\t\t\t\t\t\t\t<div class=\"team-one__content-inner\">\n\t\t\t\t\t\t\t\t\t\t\t<h3 class=\"tean_title\">Bruna Luciano<\/h3>\n\t\t\t\t\t\t\t\t\t\t\t<span>Mergulhadora Divemaster<\/span>\n\t\t\t\t\t\t\t\t\t\t\t\t\t\t\t\t\t\t\t\t\t\t<div class=\"team-one__social\">\n\t\t\t\t\t\t\t\t\t\t\t\t\t\t\t\t\t\t\t\t\t\t\t\t<a href=\"https:\/\/www.instagram.com\/brunnaluciano\"><i class=\"fab fa-instagram\"><\/i><\/a>\n\t\t\t\t\t\t\t\t\t\t\t\t\t\t\t\t\t\t\t\t\t\t\t<\/div><!-- \/.team-one__social -->\n\t\t\t\t\t\t\t\t\t\t\t\t\t\t\t\t\t\t\t\t\t<\/div><!-- \/.team-one__content-inner -->\n\t\t\t\t\t\t\t\t\t<\/div><!-- \/.team-one__content -->\n\t\t\t\t\t\t\t\t<\/div><!-- \/.team-one__single -->\n\t\t\t\t\t\t\t<\/div><!-- \/.col-lg-3 col-md-6 -->\n\t\t\t\t\t\t\t\t\t\t\t\t\t\t\n\t\t\t\t\t\t\t<div class=\"col-lg-4 col-md-6 wow fadeInLeft\" data-wow-duration=\"1500ms\" data-wow-delay=\"000ms\">\n\t\t\t\t\t\t\t\t<div class=\"team-one__single\">\n\t\t\t\t\t\t\t\t\t<img loading=\"lazy\" decoding=\"async\" width=\"400\" height=\"400\" src=\"https:\/\/papuanmergulho.com.br\/site\/wp-content\/uploads\/2020\/01\/staff-05.jpg\" class=\"attachment-post-thumbnail size-post-thumbnail wp-post-image\" alt=\"\" srcset=\"https:\/\/papuanmergulho.com.br\/site\/wp-content\/uploads\/2020\/01\/staff-05.jpg 400w, https:\/\/papuanmergulho.com.br\/site\/wp-content\/uploads\/2020\/01\/staff-05-300x300.jpg 300w, https:\/\/papuanmergulho.com.br\/site\/wp-content\/uploads\/2020\/01\/staff-05-150x150.jpg 150w, https:\/\/papuanmergulho.com.br\/site\/wp-content\/uploads\/2020\/01\/staff-05-70x70.jpg 70w, https:\/\/papuanmergulho.com.br\/site\/wp-content\/uploads\/2020\/01\/staff-05-100x100.jpg 100w\" sizes=\"(max-width: 400px) 100vw, 400px\" \/>\t\t\t\t\t\t\t\t\t<div class=\"team-one__content\">\n\t\t\t\t\t\t\t\t\t\t<div class=\"team-one__content-inner\">\n\t\t\t\t\t\t\t\t\t\t\t<h3 class=\"tean_title\">Magdiel Soares<\/h3>\n\t\t\t\t\t\t\t\t\t\t\t<span>Comandante<\/span>\n\t\t\t\t\t\t\t\t\t\t\t\t\t\t\t\t\t\t\t\t\t\t<div class=\"team-one__social\">\n\t\t\t\t\t\t\t\t\t\t\t\t\t\t\t\t\t\t\t\t\t\t\t\t<a href=\"https:\/\/www.instagram.com\/magdielsoares\"><i class=\"fab fa-instagram\"><\/i><\/a>\n\t\t\t\t\t\t\t\t\t\t\t\t\t\t\t\t\t\t\t\t\t\t\t<\/div><!-- \/.team-one__social -->\n\t\t\t\t\t\t\t\t\t\t\t\t\t\t\t\t\t\t\t\t\t<\/div><!-- \/.team-one__content-inner -->\n\t\t\t\t\t\t\t\t\t<\/div><!-- \/.team-one__content -->\n\t\t\t\t\t\t\t\t<\/div><!-- \/.team-one__single -->\n\t\t\t\t\t\t\t<\/div><!-- \/.col-lg-3 col-md-6 -->\n\t\t\t\t\t\t\t\t\t\t\t\t\t\t\n\t\t\t\t\t\t\t<div class=\"col-lg-4 col-md-6 wow fadeInLeft\" data-wow-duration=\"1500ms\" data-wow-delay=\"000ms\">\n\t\t\t\t\t\t\t\t<div class=\"team-one__single\">\n\t\t\t\t\t\t\t\t\t<img loading=\"lazy\" decoding=\"async\" width=\"400\" height=\"400\" src=\"https:\/\/papuanmergulho.com.br\/site\/wp-content\/uploads\/2020\/01\/staff-06.jpg\" class=\"attachment-post-thumbnail size-post-thumbnail wp-post-image\" alt=\"\" srcset=\"https:\/\/papuanmergulho.com.br\/site\/wp-content\/uploads\/2020\/01\/staff-06.jpg 400w, https:\/\/papuanmergulho.com.br\/site\/wp-content\/uploads\/2020\/01\/staff-06-300x300.jpg 300w, https:\/\/papuanmergulho.com.br\/site\/wp-content\/uploads\/2020\/01\/staff-06-150x150.jpg 150w, https:\/\/papuanmergulho.com.br\/site\/wp-content\/uploads\/2020\/01\/staff-06-70x70.jpg 70w, https:\/\/papuanmergulho.com.br\/site\/wp-content\/uploads\/2020\/01\/staff-06-100x100.jpg 100w\" sizes=\"(max-width: 400px) 100vw, 400px\" \/>\t\t\t\t\t\t\t\t\t<div class=\"team-one__content\">\n\t\t\t\t\t\t\t\t\t\t<div class=\"team-one__content-inner\">\n\t\t\t\t\t\t\t\t\t\t\t<h3 class=\"tean_title\">Jaine Vital<\/h3>\n\t\t\t\t\t\t\t\t\t\t\t<span>Atendimento<\/span>\n\t\t\t\t\t\t\t\t\t\t\t\t\t\t\t\t\t\t\t\t\t\t<div class=\"team-one__social\">\n\t\t\t\t\t\t\t\t\t\t\t\t\t\t\t\t\t\t\t\t\t\t\t\t<a href=\"https:\/\/www.instagram.com\/jaai_vital\"><i class=\"fab fa-instagram\"><\/i><\/a>\n\t\t\t\t\t\t\t\t\t\t\t\t\t\t\t\t\t\t\t\t\t\t\t<\/div><!-- \/.team-one__social -->\n\t\t\t\t\t\t\t\t\t\t\t\t\t\t\t\t\t\t\t\t\t<\/div><!-- \/.team-one__content-inner -->\n\t\t\t\t\t\t\t\t\t<\/div><!-- \/.team-one__content -->\n\t\t\t\t\t\t\t\t<\/div><!-- \/.team-one__single -->\n\t\t\t\t\t\t\t<\/div><!-- \/.col-lg-3 col-md-6 -->\n\t\t\t\t\t\t\t\t\t\t\t\t\t\t\n\t\t\t\t\t\t\t<div class=\"col-lg-4 col-md-6 wow fadeInLeft\" data-wow-duration=\"1500ms\" data-wow-delay=\"000ms\">\n\t\t\t\t\t\t\t\t<div class=\"team-one__single\">\n\t\t\t\t\t\t\t\t\t<img loading=\"lazy\" decoding=\"async\" width=\"400\" height=\"400\" src=\"https:\/\/papuanmergulho.com.br\/site\/wp-content\/uploads\/2020\/01\/staff-07.jpg\" class=\"attachment-post-thumbnail size-post-thumbnail wp-post-image\" alt=\"\" srcset=\"https:\/\/papuanmergulho.com.br\/site\/wp-content\/uploads\/2020\/01\/staff-07.jpg 400w, https:\/\/papuanmergulho.com.br\/site\/wp-content\/uploads\/2020\/01\/staff-07-300x300.jpg 300w, https:\/\/papuanmergulho.com.br\/site\/wp-content\/uploads\/2020\/01\/staff-07-150x150.jpg 150w, https:\/\/papuanmergulho.com.br\/site\/wp-content\/uploads\/2020\/01\/staff-07-70x70.jpg 70w, https:\/\/papuanmergulho.com.br\/site\/wp-content\/uploads\/2020\/01\/staff-07-100x100.jpg 100w\" sizes=\"(max-width: 400px) 100vw, 400px\" \/>\t\t\t\t\t\t\t\t\t<div class=\"team-one__content\">\n\t\t\t\t\t\t\t\t\t\t<div class=\"team-one__content-inner\">\n\t\t\t\t\t\t\t\t\t\t\t<h3 class=\"tean_title\">Daniel Moreira<\/h3>\n\t\t\t\t\t\t\t\t\t\t\t<span>Instrutor PADI<\/span>\n\t\t\t\t\t\t\t\t\t\t\t\t\t\t\t\t\t\t\t\t\t\t<div class=\"team-one__social\">\n\t\t\t\t\t\t\t\t\t\t\t\t\t\t\t\t\t\t\t\t\t\t\t\t<a href=\"https:\/\/www.instagram.com\/daniel_moreira_nunes\"><i class=\"fab fa-instagram\"><\/i><\/a>\n\t\t\t\t\t\t\t\t\t\t\t\t\t\t\t\t\t\t\t\t\t\t\t<\/div><!-- \/.team-one__social -->\n\t\t\t\t\t\t\t\t\t\t\t\t\t\t\t\t\t\t\t\t\t<\/div><!-- \/.team-one__content-inner -->\n\t\t\t\t\t\t\t\t\t<\/div><!-- \/.team-one__content -->\n\t\t\t\t\t\t\t\t<\/div><!-- \/.team-one__single -->\n\t\t\t\t\t\t\t<\/div><!-- \/.col-lg-3 col-md-6 -->\n\t\t\t\t\t\t\t\t\t\t\t\t\t\t\n\t\t\t\t\t\t\t<div class=\"col-lg-4 col-md-6 wow fadeInLeft\" data-wow-duration=\"1500ms\" data-wow-delay=\"000ms\">\n\t\t\t\t\t\t\t\t<div class=\"team-one__single\">\n\t\t\t\t\t\t\t\t\t<img loading=\"lazy\" decoding=\"async\" width=\"400\" height=\"400\" src=\"https:\/\/papuanmergulho.com.br\/site\/wp-content\/uploads\/2020\/01\/staff-08.jpg\" class=\"attachment-post-thumbnail size-post-thumbnail wp-post-image\" alt=\"\" srcset=\"https:\/\/papuanmergulho.com.br\/site\/wp-content\/uploads\/2020\/01\/staff-08.jpg 400w, https:\/\/papuanmergulho.com.br\/site\/wp-content\/uploads\/2020\/01\/staff-08-300x300.jpg 300w, https:\/\/papuanmergulho.com.br\/site\/wp-content\/uploads\/2020\/01\/staff-08-150x150.jpg 150w, https:\/\/papuanmergulho.com.br\/site\/wp-content\/uploads\/2020\/01\/staff-08-70x70.jpg 70w, https:\/\/papuanmergulho.com.br\/site\/wp-content\/uploads\/2020\/01\/staff-08-100x100.jpg 100w\" sizes=\"(max-width: 400px) 100vw, 400px\" \/>\t\t\t\t\t\t\t\t\t<div class=\"team-one__content\">\n\t\t\t\t\t\t\t\t\t\t<div class=\"team-one__content-inner\">\n\t\t\t\t\t\t\t\t\t\t\t<h3 class=\"tean_title\">Daniela<\/h3>\n\t\t\t\t\t\t\t\t\t\t\t<span>Instrutora PADI<\/span>\n\t\t\t\t\t\t\t\t\t\t\t\t\t\t\t\t\t\t\t\t\t\t<div class=\"team-one__social\">\n\t\t\t\t\t\t\t\t\t\t\t\t\t\t\t\t\t\t\t\t\t\t\t\t<a href=\"https:\/\/www.instagram.com\/danindrde\"><i class=\"fab fa-instagram\"><\/i><\/a>\n\t\t\t\t\t\t\t\t\t\t\t\t\t\t\t\t\t\t\t\t\t\t\t<\/div><!-- \/.team-one__social -->\n\t\t\t\t\t\t\t\t\t\t\t\t\t\t\t\t\t\t\t\t\t<\/div><!-- \/.team-one__content-inner -->\n\t\t\t\t\t\t\t\t\t<\/div><!-- \/.team-one__content -->\n\t\t\t\t\t\t\t\t<\/div><!-- \/.team-one__single -->\n\t\t\t\t\t\t\t<\/div><!-- \/.col-lg-3 col-md-6 -->\n\t\t\t\t\t\t\t\t\t\t\t\t\n\t\t\t\t<\/div><!-- \/.row -->\n\t\t\t<\/div><!-- \/.container -->\n\t\t<\/section><!-- \/.team-one -->\n  \n           \n        \t\t\t\t<\/div>\n\t\t\t\t<\/div>\n\t\t\t\t\t<\/div>\n\t\t<\/div>\n\t\t\t\t\t<\/div>\n\t\t<\/section>\n\t\t\t\t<\/div>\n\t\t","protected":false},"excerpt":{"rendered":"<p>Staff da Papuan Mergulho NOSSO STAFF Vitor Freire Instrutor respons\u00e1vel \/ Chefe de opera\u00e7\u00f5es Fl\u00e1via Mariano Mergulhadora Divemaster \/ Gerente comercial Stephani Somekawa Mergulhadora Divemaster Bruna Luciano Mergulhadora Divemaster Magdiel Soares Comandante Jaine Vital Atendimento Daniel Moreira Instrutor PADI Daniela Instrutora PADI<\/p>\n","protected":false},"author":1,"featured_media":0,"parent":0,"menu_order":0,"comment_status":"closed","ping_status":"closed","template":"tpl-default-elementor.php","meta":{"footnotes":""},"class_list":["post-676","page","type-page","status-publish","hentry"],"_links":{"self":[{"href":"https:\/\/papuanmergulho.com.br\/site\/wp-json\/wp\/v2\/pages\/676","targetHints":{"allow":["GET"]}}],"collection":[{"href":"https:\/\/papuanmergulho.com.br\/site\/wp-json\/wp\/v2\/pages"}],"about":[{"href":"https:\/\/papuanmergulho.com.br\/site\/wp-json\/wp\/v2\/types\/page"}],"author":[{"embeddable":true,"href":"https:\/\/papuanmergulho.com.br\/site\/wp-json\/wp\/v2\/users\/1"}],"replies":[{"embeddable":true,"href":"https:\/\/papuanmergulho.com.br\/site\/wp-json\/wp\/v2\/comments?post=676"}],"version-history":[{"count":20,"href":"https:\/\/papuanmergulho.com.br\/site\/wp-json\/wp\/v2\/pages\/676\/revisions"}],"predecessor-version":[{"id":1264,"href":"https:\/\/papuanmergulho.com.br\/site\/wp-json\/wp\/v2\/pages\/676\/revisions\/1264"}],"wp:attachment":[{"href":"https:\/\/papuanmergulho.com.br\/site\/wp-json\/wp\/v2\/media?parent=676"}],"curies":[{"name":"wp","href":"https:\/\/api.w.org\/{rel}","templated":true}]}}